{"id":28,"date":"2019-10-13T13:29:31","date_gmt":"2019-10-13T11:29:31","guid":{"rendered":"https:\/\/www.clinicadentalsantateresa.es\/?page_id=28"},"modified":"2019-10-19T12:12:44","modified_gmt":"2019-10-19T10:12:44","slug":"instalaciones","status":"publish","type":"page","link":"https:\/\/www.clinicadentalsantateresa.es\/?page_id=28","title":{"rendered":"Instalaciones"},"content":{"rendered":"\t\t<div data-elementor-type=\"wp-page\" data-elementor-id=\"28\" class=\"elementor elementor-28\">\n\t\t\t\t\t\t<section class=\"elementor-section elementor-top-section elementor-element elementor-element-db567ce elementor-section-boxed elementor-section-height-default elementor-section-height-default\" data-id=\"db567ce\" data-element_type=\"section\">\n\t\t\t\t\t\t<div class=\"elementor-container elementor-column-gap-default\">\n\t\t\t\t\t<div class=\"elementor-column elementor-col-100 elementor-top-column elementor-element elementor-element-7fe87bf\" data-id=\"7fe87bf\" data-element_type=\"column\">\n\t\t\t<div class=\"elementor-widget-wrap elementor-element-populated\">\n\t\t\t\t\t\t<div class=\"elementor-element elementor-element-d072e4e elementor-widget elementor-widget-spacer\" data-id=\"d072e4e\" data-element_type=\"widget\" data-widget_type=\"spacer.default\">\n\t\t\t\t<div class=\"elementor-widget-container\">\n\t\t\t\t\t<div class=\"elementor-spacer\">\n\t\t\t<div class=\"elementor-spacer-inner\"><\/div>\n\t\t<\/div>\n\t\t\t\t<\/div>\n\t\t\t\t<\/div>\n\t\t\t\t\t<\/div>\n\t\t<\/div>\n\t\t\t\t\t<\/div>\n\t\t<\/section>\n\t\t\t\t<section class=\"elementor-section elementor-top-section elementor-element elementor-element-5671276 elementor-section-boxed elementor-section-height-default elementor-section-height-default\" data-id=\"5671276\" data-element_type=\"section\">\n\t\t\t\t\t\t<div class=\"elementor-container elementor-column-gap-default\">\n\t\t\t\t\t<div class=\"elementor-column elementor-col-100 elementor-top-column elementor-element elementor-element-aa630fc\" data-id=\"aa630fc\" data-element_type=\"column\">\n\t\t\t<div class=\"elementor-widget-wrap elementor-element-populated\">\n\t\t\t\t\t\t<div class=\"elementor-element elementor-element-d5983c5 elementor-align-center elementor-invisible elementor-widget elementor-widget-button\" data-id=\"d5983c5\" data-element_type=\"widget\" data-settings=\"{&quot;_animation&quot;:&quot;zoomIn&quot;}\" data-widget_type=\"button.default\">\n\t\t\t\t<div class=\"elementor-widget-container\">\n\t\t\t\t\t\t\t<div class=\"elementor-button-wrapper\">\n\t\t\t\t\t<a class=\"elementor-button elementor-button-link elementor-size-md\" href=\"https:\/\/www.google.com\/maps\/place\/Centro+Dental+Santa+Teresa\/@40.6653777,-3.7788029,3a,75y,262.09h,86.16t\/data=!3m7!1e1!3m5!1sAF1QipNu1uCd6ruTvFcnFawPbPhgwBD1Wt2PMku_Sm7h!2e10!3e11!7i8000!8i4000!4m8!1m2!2m1!1sclinicadentalsantateresa!3m4!1s0xd417def938a4cb7:0x1718ea05cc83250!8m2!3d40.6670282!4d-3.7782849\" target=\"_blank\">\n\t\t\t\t\t\t<span class=\"elementor-button-content-wrapper\">\n\t\t\t\t\t\t\t\t\t<span class=\"elementor-button-text\">Visita Virtual<\/span>\n\t\t\t\t\t<\/span>\n\t\t\t\t\t<\/a>\n\t\t\t\t<\/div>\n\t\t\t\t\t\t<\/div>\n\t\t\t\t<\/div>\n\t\t\t\t\t<\/div>\n\t\t<\/div>\n\t\t\t\t\t<\/div>\n\t\t<\/section>\n\t\t\t\t<section class=\"elementor-section elementor-top-section elementor-element elementor-element-1a82a742 elementor-section-content-middle elementor-section-boxed elementor-section-height-default elementor-section-height-default\" data-id=\"1a82a742\" data-element_type=\"section\" data-settings=\"{&quot;background_background&quot;:&quot;classic&quot;}\">\n\t\t\t\t\t\t<div class=\"elementor-container elementor-column-gap-no\">\n\t\t\t\t\t<div class=\"elementor-column elementor-col-33 elementor-top-column elementor-element elementor-element-fda8c43\" data-id=\"fda8c43\" data-element_type=\"column\">\n\t\t\t<div class=\"elementor-widget-wrap elementor-element-populated\">\n\t\t\t\t\t\t<div class=\"elementor-element elementor-element-1b7a9f2d elementor-widget elementor-widget-heading\" data-id=\"1b7a9f2d\" data-element_type=\"widget\" data-widget_type=\"heading.default\">\n\t\t\t\t<div class=\"elementor-widget-container\">\n\t\t\t<h3 class=\"elementor-heading-title elementor-size-medium\">Nuestra Cl\u00ednica<\/h3>\t\t<\/div>\n\t\t\t\t<\/div>\n\t\t\t\t<div class=\"elementor-element elementor-element-14f1debc elementor-widget elementor-widget-image\" data-id=\"14f1debc\" data-element_type=\"widget\" data-widget_type=\"image.default\">\n\t\t\t\t<div class=\"elementor-widget-container\">\n\t\t\t\t\t\t\t\t\t\t\t\t\t<img fetchpriority=\"high\" decoding=\"async\" width=\"604\" height=\"403\" src=\"https:\/\/www.clinicadentalsantateresa.es\/wp-content\/uploads\/2019\/10\/3-2-1024x683.jpg\" class=\"elementor-animation-grow attachment-large size-large wp-image-40\" alt=\"\" srcset=\"https:\/\/www.clinicadentalsantateresa.es\/wp-content\/uploads\/2019\/10\/3-2-1024x683.jpg 1024w, https:\/\/www.clinicadentalsantateresa.es\/wp-content\/uploads\/2019\/10\/3-2-300x200.jpg 300w, https:\/\/www.clinicadentalsantateresa.es\/wp-content\/uploads\/2019\/10\/3-2-768x512.jpg 768w, https:\/\/www.clinicadentalsantateresa.es\/wp-content\/uploads\/2019\/10\/3-2.jpg 1200w\" sizes=\"(max-width: 604px) 100vw, 604px\" \/>\t\t\t\t\t\t\t\t\t\t\t\t\t<\/div>\n\t\t\t\t<\/div>\n\t\t\t\t<div class=\"elementor-element elementor-element-1175372 elementor-widget elementor-widget-image\" data-id=\"1175372\" data-element_type=\"widget\" data-widget_type=\"image.default\">\n\t\t\t\t<div class=\"elementor-widget-container\">\n\t\t\t\t\t\t\t\t\t\t\t\t\t<img decoding=\"async\" width=\"604\" height=\"403\" src=\"https:\/\/www.clinicadentalsantateresa.es\/wp-content\/uploads\/2019\/10\/6-1-1024x683.jpg\" class=\"elementor-animation-grow attachment-large size-large wp-image-39\" alt=\"\" srcset=\"https:\/\/www.clinicadentalsantateresa.es\/wp-content\/uploads\/2019\/10\/6-1-1024x683.jpg 1024w, https:\/\/www.clinicadentalsantateresa.es\/wp-content\/uploads\/2019\/10\/6-1-300x200.jpg 300w, https:\/\/www.clinicadentalsantateresa.es\/wp-content\/uploads\/2019\/10\/6-1-768x512.jpg 768w, https:\/\/www.clinicadentalsantateresa.es\/wp-content\/uploads\/2019\/10\/6-1.jpg 1200w\" sizes=\"(max-width: 604px) 100vw, 604px\" \/>\t\t\t\t\t\t\t\t\t\t\t\t\t<\/div>\n\t\t\t\t<\/div>\n\t\t\t\t\t<\/div>\n\t\t<\/div>\n\t\t\t\t<div class=\"elementor-column elementor-col-33 elementor-top-column elementor-element elementor-element-10997e51\" data-id=\"10997e51\" data-element_type=\"column\">\n\t\t\t<div class=\"elementor-widget-wrap elementor-element-populated\">\n\t\t\t\t\t\t<div class=\"elementor-element elementor-element-1f5d3d8e elementor-widget elementor-widget-image\" data-id=\"1f5d3d8e\" data-element_type=\"widget\" data-widget_type=\"image.default\">\n\t\t\t\t<div class=\"elementor-widget-container\">\n\t\t\t\t\t\t\t\t\t\t\t\t\t<img decoding=\"async\" width=\"604\" height=\"403\" src=\"https:\/\/www.clinicadentalsantateresa.es\/wp-content\/uploads\/2019\/10\/2-2-1024x684.jpg\" class=\"elementor-animation-grow attachment-large size-large wp-image-37\" alt=\"\" srcset=\"https:\/\/www.clinicadentalsantateresa.es\/wp-content\/uploads\/2019\/10\/2-2-1024x684.jpg 1024w, https:\/\/www.clinicadentalsantateresa.es\/wp-content\/uploads\/2019\/10\/2-2-300x200.jpg 300w, https:\/\/www.clinicadentalsantateresa.es\/wp-content\/uploads\/2019\/10\/2-2-768x513.jpg 768w, https:\/\/www.clinicadentalsantateresa.es\/wp-content\/uploads\/2019\/10\/2-2.jpg 1200w\" sizes=\"(max-width: 604px) 100vw, 604px\" \/>\t\t\t\t\t\t\t\t\t\t\t\t\t<\/div>\n\t\t\t\t<\/div>\n\t\t\t\t<div class=\"elementor-element elementor-element-20a0a9d1 elementor-widget elementor-widget-text-editor\" data-id=\"20a0a9d1\" data-element_type=\"widget\" data-widget_type=\"text-editor.default\">\n\t\t\t\t<div class=\"elementor-widget-container\">\n\t\t\t\t\t\t\t<p>En nuestras c\u00f3modas y modernas instalaciones, a las que nos hemos trasladado en 2016, disponemos de los \u00faltimos avances en tecnolog\u00eda 3D, para realizar todos los tratamientos necesarios en cada paciente.<\/p>\t\t\t\t\t\t<\/div>\n\t\t\t\t<\/div>\n\t\t\t\t\t<\/div>\n\t\t<\/div>\n\t\t\t\t<div class=\"elementor-column elementor-col-33 elementor-top-column elementor-element elementor-element-4762edca\" data-id=\"4762edca\" data-element_type=\"column\">\n\t\t\t<div class=\"elementor-widget-wrap elementor-element-populated\">\n\t\t\t\t\t\t<div class=\"elementor-element elementor-element-7672f23d elementor-widget elementor-widget-image\" data-id=\"7672f23d\" data-element_type=\"widget\" data-widget_type=\"image.default\">\n\t\t\t\t<div class=\"elementor-widget-container\">\n\t\t\t\t\t\t\t\t\t\t\t\t\t<img loading=\"lazy\" decoding=\"async\" width=\"604\" height=\"403\" src=\"https:\/\/www.clinicadentalsantateresa.es\/wp-content\/uploads\/2019\/10\/4-1-1024x683.jpg\" class=\"elementor-animation-grow attachment-large size-large wp-image-38\" alt=\"\" srcset=\"https:\/\/www.clinicadentalsantateresa.es\/wp-content\/uploads\/2019\/10\/4-1-1024x683.jpg 1024w, https:\/\/www.clinicadentalsantateresa.es\/wp-content\/uploads\/2019\/10\/4-1-300x200.jpg 300w, https:\/\/www.clinicadentalsantateresa.es\/wp-content\/uploads\/2019\/10\/4-1-768x512.jpg 768w, https:\/\/www.clinicadentalsantateresa.es\/wp-content\/uploads\/2019\/10\/4-1.jpg 1200w\" sizes=\"(max-width: 604px) 100vw, 604px\" \/>\t\t\t\t\t\t\t\t\t\t\t\t\t<\/div>\n\t\t\t\t<\/div>\n\t\t\t\t<div class=\"elementor-element elementor-element-f88f690 elementor-widget elementor-widget-image\" data-id=\"f88f690\" data-element_type=\"widget\" data-widget_type=\"image.default\">\n\t\t\t\t<div class=\"elementor-widget-container\">\n\t\t\t\t\t\t\t\t\t\t\t\t\t<img loading=\"lazy\" decoding=\"async\" width=\"604\" height=\"403\" src=\"https:\/\/www.clinicadentalsantateresa.es\/wp-content\/uploads\/2019\/10\/7-1-1024x683.jpg\" class=\"elementor-animation-grow attachment-large size-large wp-image-42\" alt=\"\" srcset=\"https:\/\/www.clinicadentalsantateresa.es\/wp-content\/uploads\/2019\/10\/7-1-1024x683.jpg 1024w, https:\/\/www.clinicadentalsantateresa.es\/wp-content\/uploads\/2019\/10\/7-1-300x200.jpg 300w, https:\/\/www.clinicadentalsantateresa.es\/wp-content\/uploads\/2019\/10\/7-1-768x512.jpg 768w, https:\/\/www.clinicadentalsantateresa.es\/wp-content\/uploads\/2019\/10\/7-1.jpg 1200w\" sizes=\"(max-width: 604px) 100vw, 604px\" \/>\t\t\t\t\t\t\t\t\t\t\t\t\t<\/div>\n\t\t\t\t<\/div>\n\t\t\t\t<div class=\"elementor-element elementor-element-a0cb260 elementor-widget elementor-widget-image\" data-id=\"a0cb260\" data-element_type=\"widget\" data-widget_type=\"image.default\">\n\t\t\t\t<div class=\"elementor-widget-container\">\n\t\t\t\t\t\t\t\t\t\t\t\t\t<img loading=\"lazy\" decoding=\"async\" width=\"604\" height=\"403\" src=\"https:\/\/www.clinicadentalsantateresa.es\/wp-content\/uploads\/2019\/10\/5-1-1024x683.jpg\" class=\"elementor-animation-grow attachment-large size-large wp-image-24\" alt=\"\" srcset=\"https:\/\/www.clinicadentalsantateresa.es\/wp-content\/uploads\/2019\/10\/5-1-1024x683.jpg 1024w, https:\/\/www.clinicadentalsantateresa.es\/wp-content\/uploads\/2019\/10\/5-1-300x200.jpg 300w, https:\/\/www.clinicadentalsantateresa.es\/wp-content\/uploads\/2019\/10\/5-1-768x512.jpg 768w, https:\/\/www.clinicadentalsantateresa.es\/wp-content\/uploads\/2019\/10\/5-1.jpg 1200w\" sizes=\"(max-width: 604px) 100vw, 604px\" \/>\t\t\t\t\t\t\t\t\t\t\t\t\t<\/div>\n\t\t\t\t<\/div>\n\t\t\t\t\t<\/div>\n\t\t<\/div>\n\t\t\t\t\t<\/div>\n\t\t<\/section>\n\t\t\t\t<\/div>\n\t\t","protected":false},"excerpt":{"rendered":"<p>Visita Virtual Nuestra Cl\u00ednica En nuestras c\u00f3modas y modernas instalaciones, a las que nos hemos trasladado en 2016, disponemos de los \u00faltimos avances en tecnolog\u00eda 3D, para realizar todos los tratamientos necesarios<a class=\"moretag\" href=\"https:\/\/www.clinicadentalsantateresa.es\/?page_id=28\">Leer m\u00e1s&#8230;<\/a><\/p>\n","protected":false},"author":1,"featured_media":0,"parent":0,"menu_order":0,"comment_status":"closed","ping_status":"closed","template":"","meta":{"footnotes":""},"class_list":["post-28","page","type-page","status-publish","hentry"],"_links":{"self":[{"href":"https:\/\/www.clinicadentalsantateresa.es\/index.php?rest_route=\/wp\/v2\/pages\/28","targetHints":{"allow":["GET"]}}],"collection":[{"href":"https:\/\/www.clinicadentalsantateresa.es\/index.php?rest_route=\/wp\/v2\/pages"}],"about":[{"href":"https:\/\/www.clinicadentalsantateresa.es\/index.php?rest_route=\/wp\/v2\/types\/page"}],"author":[{"embeddable":true,"href":"https:\/\/www.clinicadentalsantateresa.es\/index.php?rest_route=\/wp\/v2\/users\/1"}],"replies":[{"embeddable":true,"href":"https:\/\/www.clinicadentalsantateresa.es\/index.php?rest_route=%2Fwp%2Fv2%2Fcomments&post=28"}],"version-history":[{"count":0,"href":"https:\/\/www.clinicadentalsantateresa.es\/index.php?rest_route=\/wp\/v2\/pages\/28\/revisions"}],"wp:attachment":[{"href":"https:\/\/www.clinicadentalsantateresa.es\/index.php?rest_route=%2Fwp%2Fv2%2Fmedia&parent=28"}],"curies":[{"name":"wp","href":"https:\/\/api.w.org\/{rel}","templated":true}]}}